{"id":10,"date":"2023-03-09T10:48:01","date_gmt":"2023-03-09T10:48:01","guid":{"rendered":"https:\/\/kotisivutsinulle.fi\/yritykset\/sunroad\/?page_id=10"},"modified":"2023-08-23T13:11:36","modified_gmt":"2023-08-23T10:11:36","slug":"etusivu","status":"publish","type":"page","link":"https:\/\/sunroad.fi\/fi\/","title":{"rendered":"Etusivu"},"content":{"rendered":"<div class=\"wp-block-image\">\n<figure class=\"alignright size-large is-resized\"><img loading=\"lazy\" decoding=\"async\" src=\"http:\/\/sunroad.fi\/wp-content\/uploads\/2023\/03\/WhatsApp-Image-2023-03-10-at-12.58.18-2-1-512x1024.jpeg\" alt=\"\" class=\"wp-image-214\" style=\"width:256px;height:512px\" width=\"256\" height=\"512\" srcset=\"https:\/\/sunroad.fi\/wp-content\/uploads\/2023\/03\/WhatsApp-Image-2023-03-10-at-12.58.18-2-1-512x1024.jpeg 512w, https:\/\/sunroad.fi\/wp-content\/uploads\/2023\/03\/WhatsApp-Image-2023-03-10-at-12.58.18-2-1-150x300.jpeg 150w, https:\/\/sunroad.fi\/wp-content\/uploads\/2023\/03\/WhatsApp-Image-2023-03-10-at-12.58.18-2-1-768x1536.jpeg 768w, https:\/\/sunroad.fi\/wp-content\/uploads\/2023\/03\/WhatsApp-Image-2023-03-10-at-12.58.18-2-1.jpeg 800w\" sizes=\"auto, (max-width: 256px) 100vw, 256px\" \/><\/figure>\n<\/div>\n\n\n<p>Sunroad Oy maahantuo EFKLEOS extra virgin oliivi\u00f6ljy\u00e4 ja myy tuotetta suoraan j\u00e4lleenmyyjille tai sopimuksen mukaan yksityishenkil\u00f6ille.<\/p>\n\n\n\n<p>\u00d6ljymme on kreikkalaisen perhetilan luomutuote. Puiden kasvualue Ligourio-Asklipiolla on Euroopan Unionin suojellun alkuper\u00e4n nimike EY n:o 1107\/96&nbsp; P.D.O (Protected Designation of Origin)<\/p>\n\n\n\n<p>Oliivipuut ovat vanhaa Manaki-lajiketta ja kylm\u00e4puristettu alle 27c&nbsp; ja saatu suoraan oliivista ainoastaan mekaanisin menetelmin, sek\u00e4 valmistettu tarkkojen standardien mukaisesti. N\u00e4in oliivi\u00f6ljy s\u00e4ilytt\u00e4\u00e4 kaikki arvokkaat ainesosat, kuten vitamiinit (E) ja antioksidantit, kuten polyfenolit.<\/p>\n\n\n\n<p>Perhetilan pitk\u00e4 historia on osa Kreikan historiaa ja kulttuuria. Rakkaudella ja suurella syd\u00e4mell\u00e4 hoidetut oliivipuut ja oliivin puristaminen takaavat sinulle kullan keltaisen, ainutlaatuisen, miellytt\u00e4v\u00e4n makuisen&nbsp; extra neitsyt oliivi\u00f6ljyn joka sopii mainiosti niin salaatteihin&nbsp;&nbsp;kuin kaikkeen ruoanlaittoon.<\/p>\n\n\n\n<p>Kiinnostuitko tuotteesta? <a href=\"https:\/\/efkleos.com\/en\/\">Lue lis\u00e4\u00e4 t\u00e4\u00e4lt\u00e4.<\/a><\/p>\n\n\n\n<p><\/p>\n\n\n\n<figure class=\"wp-block-image size-large\"><img decoding=\"async\" src=\"https:\/\/kotisivutsinulle.fi\/yritykset\/sunroad\/wp-content\/uploads\/2023\/03\/\u0395\u0399\u039a\u039f\u039d\u0391-5_BW-1-1185x153mv-1024x923.jpg\" alt=\"\" class=\"wp-image-101\"\/><\/figure>\n\n\n<div class=\"wp-block-image\">\n<figure class=\"aligncenter size-full is-resized\"><img loading=\"lazy\" decoding=\"async\" src=\"http:\/\/sunroad.fi\/wp-content\/uploads\/2023\/03\/agrocert.png\" alt=\"\" class=\"wp-image-243\" style=\"width:270px;height:191px\" width=\"270\" height=\"191\" srcset=\"https:\/\/sunroad.fi\/wp-content\/uploads\/2023\/03\/agrocert.png 360w, https:\/\/sunroad.fi\/wp-content\/uploads\/2023\/03\/agrocert-300x212.png 300w\" sizes=\"auto, (max-width: 270px) 100vw, 270px\" \/><\/figure>\n<\/div>\n\n\n<br \/> <br \/>\n\n\n\n<p class=\"has-text-align-center\">EFKLEOS elaion, upea extra neitsyt oliivi\u00f6ljy.<\/p>\n\n\n\n<p><\/p>\n","protected":false},"excerpt":{"rendered":"<p><!-- wp:image {\"align\":\"right\",\"id\":214,\"width\":256,\"height\":512,\"sizeSlug\":\"large\",\"linkDestination\":\"none\"} --><\/p>\n<figure class=\"wp-block-image alignright size-large is-resized\"><img decoding=\"async\" src=\"http:\/\/sunroad.fi\/wp-content\/uploads\/2023\/03\/WhatsApp-Image-20...\n<\/p>\n","protected":false},"author":1,"featured_media":0,"parent":0,"menu_order":0,"comment_status":"closed","ping_status":"closed","template":"","meta":{"inline_featured_image":false,"footnotes":""},"class_list":["post-10","page","type-page","status-publish","hentry"],"_links":{"self":[{"href":"https:\/\/sunroad.fi\/fi\/wp-json\/wp\/v2\/pages\/10","targetHints":{"allow":["GET"]}}],"collection":[{"href":"https:\/\/sunroad.fi\/fi\/wp-json\/wp\/v2\/pages"}],"about":[{"href":"https:\/\/sunroad.fi\/fi\/wp-json\/wp\/v2\/types\/page"}],"author":[{"embeddable":true,"href":"https:\/\/sunroad.fi\/fi\/wp-json\/wp\/v2\/users\/1"}],"replies":[{"embeddable":true,"href":"https:\/\/sunroad.fi\/fi\/wp-json\/wp\/v2\/comments?post=10"}],"version-history":[{"count":7,"href":"https:\/\/sunroad.fi\/fi\/wp-json\/wp\/v2\/pages\/10\/revisions"}],"predecessor-version":[{"id":310,"href":"https:\/\/sunroad.fi\/fi\/wp-json\/wp\/v2\/pages\/10\/revisions\/310"}],"wp:attachment":[{"href":"https:\/\/sunroad.fi\/fi\/wp-json\/wp\/v2\/media?parent=10"}],"curies":[{"name":"wp","href":"https:\/\/api.w.org\/{rel}","templated":true}]}}